{"id":3172,"date":"2022-05-23T06:12:03","date_gmt":"2022-05-23T06:12:03","guid":{"rendered":"https:\/\/todospodemosayudar.com\/?page_id=3172"},"modified":"2022-05-28T14:58:45","modified_gmt":"2022-05-28T14:58:45","slug":"hacerdonacion","status":"publish","type":"page","link":"https:\/\/todospodemosayudar.com\/index.php\/hacerdonacion\/","title":{"rendered":"Hacer una donaci\u00f3n"},"content":{"rendered":"<p><strong>Presiona el bot\u00f3n&nbsp; <a class=\"fasc-button fasc-size-medium fasc-type-popout fasc-rounded-medium fasc-ico-before dashicons-universal-access\" style=\"background-color: #33809e; color: #ffffff;\" href=\"https:\/\/todospodemosayudar.com\/index.php\/hacerdonacion\/\">Hacer una Donaci\u00f3n <\/a>&nbsp; &nbsp;para ayudarnos a regalar ayudas impresas en 3D a m\u00e1s personas con discapacidad<\/strong><\/p>\n<p>Puede ver <a href=\"https:\/\/youtu.be\/oBd6gTVC_qc\">este video<\/a> para una explicaci\u00f3n mas detallada&nbsp;<\/p>\n<p><iframe loading=\"lazy\" title=\"Hacer una donaci\u00f3n para ayudarnos a regalar ayudas impresas en 3D a m\u00e1s personas con discapacidad\" width=\"1140\" height=\"641\" src=\"https:\/\/www.youtube.com\/embed\/oBd6gTVC_qc?feature=oembed\" frameborder=\"0\" allow=\"accelerometer; autoplay; clipboard-write; encrypted-media; gyroscope; picture-in-picture\" allowfullscreen><\/iframe><\/p>\n<p>T\u00fa tambi\u00e9n puedes apoyar este gran proyecto. Son muchas las personas y las instituciones que nos solicitan que les entreguemos ayudas en donaci\u00f3n, ya que no cuentan con impresora 3D o con los recursos para comprarnos las ayudas ya impresas.&nbsp; Nosotros como emprendimiento social, tenemos calculado mensualmente destinar un porcentaje de las ganancias de las ventas para ir entregando algunas donaciones, pero son muchas m\u00e1s las solicitudes de donaci\u00f3n, que lo que podemos cubrir por nosotros mismos.&nbsp; Por ese motivo y con la gran meta de cumplir con todas las solicitudes de donaci\u00f3n, es que hacemos un llamado a todas las personas y empresas que puedan unirse a esta iniciativa con un aporte de cualquier valor por Nequi, transferencia Bancolombia, o PayPal. Tambi\u00e9n pueden aplicar al plan padrino donde pueden tomar una solicitud de donaci\u00f3n de una persona o de una entidad que necesite varias ayudas y donarlas. Podemos entregar certificados de donaci\u00f3na&nbsp; las empresas que lo deseen. Tambi\u00e9n hacemos un llamado a las empresas, instituciones y particulares que tengan impresoras 3D, que se unan a esta iniciativa apoyando con la impresi\u00f3n de algunas de las ayudas que tengamos pendientes por entregar como donaci\u00f3n.<\/p>\n<p>Entonces ya saben, son m\u00faltiples las opciones, ingresen en <a href=\"https:\/\/todospodemosayudar.com\">https:\/\/todospodemosayudar.com<\/a> para conocer el cat\u00e1logo completo de los dise\u00f1os, y sacar provecho ya sea para ti, ayudar a alguien o apoyarnos para que podamos ayudar m\u00e1s.<\/p>\n","protected":false},"excerpt":{"rendered":"<p>Presiona el bot\u00f3n&nbsp; Hacer una Donaci\u00f3n &nbsp; &nbsp;para ayudarnos a regalar ayudas impresas en 3D a m\u00e1s personas con discapacidad Puede ver este video para una explicaci\u00f3n mas detallada&nbsp; T\u00fa tambi\u00e9n puedes apoyar este gran proyecto. Son muchas las personas y las instituciones que nos solicitan que les entreguemos ayudas en donaci\u00f3n, ya que no [&hellip;]<\/p>\n","protected":false},"author":1,"featured_media":0,"parent":0,"menu_order":0,"comment_status":"closed","ping_status":"closed","template":"","meta":{"om_disable_all_campaigns":false,"_monsterinsights_skip_tracking":false,"_monsterinsights_sitenote_active":false,"_monsterinsights_sitenote_note":"","_monsterinsights_sitenote_category":0,"footnotes":""},"class_list":["post-3172","page","type-page","status-publish","hentry"],"aioseo_notices":[],"_links":{"self":[{"href":"https:\/\/todospodemosayudar.com\/index.php\/wp-json\/wp\/v2\/pages\/3172","targetHints":{"allow":["GET"]}}],"collection":[{"href":"https:\/\/todospodemosayudar.com\/index.php\/wp-json\/wp\/v2\/pages"}],"about":[{"href":"https:\/\/todospodemosayudar.com\/index.php\/wp-json\/wp\/v2\/types\/page"}],"author":[{"embeddable":true,"href":"https:\/\/todospodemosayudar.com\/index.php\/wp-json\/wp\/v2\/users\/1"}],"replies":[{"embeddable":true,"href":"https:\/\/todospodemosayudar.com\/index.php\/wp-json\/wp\/v2\/comments?post=3172"}],"version-history":[{"count":3,"href":"https:\/\/todospodemosayudar.com\/index.php\/wp-json\/wp\/v2\/pages\/3172\/revisions"}],"predecessor-version":[{"id":4939,"href":"https:\/\/todospodemosayudar.com\/index.php\/wp-json\/wp\/v2\/pages\/3172\/revisions\/4939"}],"wp:attachment":[{"href":"https:\/\/todospodemosayudar.com\/index.php\/wp-json\/wp\/v2\/media?parent=3172"}],"curies":[{"name":"wp","href":"https:\/\/api.w.org\/{rel}","templated":true}]}}