{"id":3339,"date":"2022-05-24T20:14:04","date_gmt":"2022-05-24T20:14:04","guid":{"rendered":"https:\/\/todospodemosayudar.com\/?post_type=product&#038;p=3339"},"modified":"2022-05-24T20:17:36","modified_gmt":"2022-05-24T20:17:36","slug":"ayuda-agarre-con-peso-para-lapices-y-objetos-delgados-con-peso","status":"publish","type":"product","link":"https:\/\/todospodemosayudar.com\/index.php\/product\/ayuda-agarre-con-peso-para-lapices-y-objetos-delgados-con-peso\/","title":{"rendered":"Ayuda agarre con peso para lapices y objetos delgados con peso"},"content":{"rendered":"<p>Este conjunto de mangos con opci\u00f3n de agregar peso, permiten adaptar objetos como bol\u00edgrafos, l\u00e1pices o rotuladores de forma sencilla. Solo se tiene que colocar y apretar el pomo. Hay dos tama\u00f1os de orificio para accesorios, 10mm y 16mm. Tambi\u00e9n se ha dise\u00f1ado una versi\u00f3n con el mango hueco para a\u00f1adir peso a personas que lo necesiten.<\/p>\n","protected":false},"excerpt":{"rendered":"<p>Este conjunto de mangos con opci\u00f3n de agregar peso, permiten adaptar objetos como bol\u00edgrafos, l\u00e1pices o rotuladores de forma sencilla. Solo se tiene que colocar y apretar el pomo. Hay dos tama\u00f1os de orificio para accesorios, 10mm y 16mm. Tambi\u00e9n se ha dise\u00f1ado una versi\u00f3n con el mango hueco para a\u00f1adir peso a personas que lo necesiten.<\/p>\n","protected":false},"featured_media":3292,"template":"","meta":{"om_disable_all_campaigns":false,"_monsterinsights_skip_tracking":false,"_monsterinsights_sitenote_active":false,"_monsterinsights_sitenote_note":"","_monsterinsights_sitenote_category":0},"product_cat":[36],"product_tag":[160,149,127,128,124,125,118,126],"class_list":["post-3339","product","type-product","status-publish","has-post-thumbnail","hentry","product_cat-leer-escribir","product_tag-ayuda-agarre-con-peso-para-lapices-y-objetos-delgados-con-peso","product_tag-ayuda-ergonomica-para-sostener-el-lapiz","product_tag-ayuda-para-escribir","product_tag-ayuda-para-sostener-el-lapiz","product_tag-ayudas-para-personas-con-discapacidad","product_tag-ayudas-tecnicas-impresas-en-3d","product_tag-impresion-3d","product_tag-tecnologia-asistiva-3d"],"aioseo_notices":[],"_links":{"self":[{"href":"https:\/\/todospodemosayudar.com\/index.php\/wp-json\/wp\/v2\/product\/3339","targetHints":{"allow":["GET"]}}],"collection":[{"href":"https:\/\/todospodemosayudar.com\/index.php\/wp-json\/wp\/v2\/product"}],"about":[{"href":"https:\/\/todospodemosayudar.com\/index.php\/wp-json\/wp\/v2\/types\/product"}],"version-history":[{"count":1,"href":"https:\/\/todospodemosayudar.com\/index.php\/wp-json\/wp\/v2\/product\/3339\/revisions"}],"predecessor-version":[{"id":3340,"href":"https:\/\/todospodemosayudar.com\/index.php\/wp-json\/wp\/v2\/product\/3339\/revisions\/3340"}],"wp:featuredmedia":[{"embeddable":true,"href":"https:\/\/todospodemosayudar.com\/index.php\/wp-json\/wp\/v2\/media\/3292"}],"wp:attachment":[{"href":"https:\/\/todospodemosayudar.com\/index.php\/wp-json\/wp\/v2\/media?parent=3339"}],"wp:term":[{"taxonomy":"product_cat","embeddable":true,"href":"https:\/\/todospodemosayudar.com\/index.php\/wp-json\/wp\/v2\/product_cat?post=3339"},{"taxonomy":"product_tag","embeddable":true,"href":"https:\/\/todospodemosayudar.com\/index.php\/wp-json\/wp\/v2\/product_tag?post=3339"}],"curies":[{"name":"wp","href":"https:\/\/api.w.org\/{rel}","templated":true}]}}