{"id":3364,"date":"2022-05-24T21:42:04","date_gmt":"2022-05-24T21:42:04","guid":{"rendered":"https:\/\/todospodemosayudar.com\/?post_type=product&#038;p=3364"},"modified":"2022-05-24T22:00:32","modified_gmt":"2022-05-24T22:00:32","slug":"estados-de-la-materia-version-tactil","status":"publish","type":"product","link":"https:\/\/todospodemosayudar.com\/index.php\/product\/estados-de-la-materia-version-tactil\/","title":{"rendered":"Estados de la materia, versi\u00f3n t\u00e1ctil"},"content":{"rendered":"<p>Estados de la materia, versi\u00f3n t\u00e1ctil para estudiantes con discapacidad visual<\/p>\n","protected":false},"excerpt":{"rendered":"<p>Estados de la materia, versi\u00f3n t\u00e1ctil para estudiantes con discapacidad visual<\/p>\n","protected":false},"featured_media":3374,"template":"","meta":{"om_disable_all_campaigns":false,"_monsterinsights_skip_tracking":false,"_monsterinsights_sitenote_active":false,"_monsterinsights_sitenote_note":"","_monsterinsights_sitenote_category":0},"product_cat":[101],"product_tag":[154,153,124,157,125,169,118,155,126,156,170],"class_list":["post-3364","product","type-product","status-publish","has-post-thumbnail","hentry","product_cat-braille","product_tag-ayudas-impresion-3d-para-ciegos-y-baja-vision","product_tag-ayudas-para-personas-con-disapacidad-visual","product_tag-ayudas-para-personas-con-discapacidad","product_tag-ayudas-tecncias-persopnas-con-discapacidad-visual-impresion-3d","product_tag-ayudas-tecnicas-impresas-en-3d","product_tag-estados-de-la-materia","product_tag-impresion-3d","product_tag-productos-braille-y-textura-impresos-en-3d","product_tag-tecnologia-asistiva-3d","product_tag-tiflotecnologia-y-productos-de-apoyo-impresos-en-3d-discapacidad-visual","product_tag-version-tactil"],"aioseo_notices":[],"_links":{"self":[{"href":"https:\/\/todospodemosayudar.com\/index.php\/wp-json\/wp\/v2\/product\/3364","targetHints":{"allow":["GET"]}}],"collection":[{"href":"https:\/\/todospodemosayudar.com\/index.php\/wp-json\/wp\/v2\/product"}],"about":[{"href":"https:\/\/todospodemosayudar.com\/index.php\/wp-json\/wp\/v2\/types\/product"}],"version-history":[{"count":1,"href":"https:\/\/todospodemosayudar.com\/index.php\/wp-json\/wp\/v2\/product\/3364\/revisions"}],"predecessor-version":[{"id":3377,"href":"https:\/\/todospodemosayudar.com\/index.php\/wp-json\/wp\/v2\/product\/3364\/revisions\/3377"}],"wp:featuredmedia":[{"embeddable":true,"href":"https:\/\/todospodemosayudar.com\/index.php\/wp-json\/wp\/v2\/media\/3374"}],"wp:attachment":[{"href":"https:\/\/todospodemosayudar.com\/index.php\/wp-json\/wp\/v2\/media?parent=3364"}],"wp:term":[{"taxonomy":"product_cat","embeddable":true,"href":"https:\/\/todospodemosayudar.com\/index.php\/wp-json\/wp\/v2\/product_cat?post=3364"},{"taxonomy":"product_tag","embeddable":true,"href":"https:\/\/todospodemosayudar.com\/index.php\/wp-json\/wp\/v2\/product_tag?post=3364"}],"curies":[{"name":"wp","href":"https:\/\/api.w.org\/{rel}","templated":true}]}}