{"id":3763,"date":"2022-05-25T16:10:11","date_gmt":"2022-05-25T16:10:11","guid":{"rendered":"https:\/\/todospodemosayudar.com\/?post_type=product&#038;p=3763"},"modified":"2022-05-25T16:36:36","modified_gmt":"2022-05-25T16:36:36","slug":"ayuda-alimentacion-hemiplegia-compotas-y-recipientes-pequenos","status":"publish","type":"product","link":"https:\/\/todospodemosayudar.com\/index.php\/product\/ayuda-alimentacion-hemiplegia-compotas-y-recipientes-pequenos\/","title":{"rendered":"Ayuda alimentaci\u00f3n hemiplegia, compotas y recipientes peque\u00f1os"},"content":{"rendered":"<p>Ayuda alimentaci\u00f3n hemiplegia, compotas y recipientes peque\u00f1os<\/p>\n","protected":false},"excerpt":{"rendered":"<p>Ayuda alimentaci\u00f3n hemiplegia, compotas y recipientes peque\u00f1os<\/p>\n","protected":false},"featured_media":3791,"template":"","meta":{"om_disable_all_campaigns":false,"_monsterinsights_skip_tracking":false,"_monsterinsights_sitenote_active":false,"_monsterinsights_sitenote_note":"","_monsterinsights_sitenote_category":0},"product_cat":[102],"product_tag":[239,259,238,242,261,202,240,192,125,243,237,260,118,241,126,244],"class_list":["post-3763","product","type-product","status-publish","has-post-thumbnail","hentry","product_cat-comer-alimentacion","product_tag-alimentacion","product_tag-ayuda-alimentacion-hemiplegia","product_tag-ayudar-para-adulto-mayor-alimentacion-comer","product_tag-ayudas-alimentacion-derrame-cerebral-ataque-cerebrovascular","product_tag-ayudas-par-ala-alimentacion-discapacidad-hemiplagia-sostener-compota","product_tag-ayudas-para-mejorar-el-agarre-personas-con-discapacidad","product_tag-ayudas-productos-terapia-ocupacional-alimentacion-comer","product_tag-ayudas-tecnicas-discapacitados","product_tag-ayudas-tecnicas-impresas-en-3d","product_tag-ayudas-tecnicas-para-ayudar-a-comer-alimentarse","product_tag-ayudas-tecnicas-para-comer-impresas-en-3d","product_tag-compotas-y-recipientes-pequenos","product_tag-impresion-3d","product_tag-productos-para-apoyar-la-alimentacion-de-personas-con-discapacidad-ya-dultos-mayores","product_tag-tecnologia-asistiva-3d","product_tag-venta-de-ayudas-para-comer-alimentacion-personas-con-disacpacidad-y-adultos-matores"],"aioseo_notices":[],"_links":{"self":[{"href":"https:\/\/todospodemosayudar.com\/index.php\/wp-json\/wp\/v2\/product\/3763","targetHints":{"allow":["GET"]}}],"collection":[{"href":"https:\/\/todospodemosayudar.com\/index.php\/wp-json\/wp\/v2\/product"}],"about":[{"href":"https:\/\/todospodemosayudar.com\/index.php\/wp-json\/wp\/v2\/types\/product"}],"version-history":[{"count":1,"href":"https:\/\/todospodemosayudar.com\/index.php\/wp-json\/wp\/v2\/product\/3763\/revisions"}],"predecessor-version":[{"id":3794,"href":"https:\/\/todospodemosayudar.com\/index.php\/wp-json\/wp\/v2\/product\/3763\/revisions\/3794"}],"wp:featuredmedia":[{"embeddable":true,"href":"https:\/\/todospodemosayudar.com\/index.php\/wp-json\/wp\/v2\/media\/3791"}],"wp:attachment":[{"href":"https:\/\/todospodemosayudar.com\/index.php\/wp-json\/wp\/v2\/media?parent=3763"}],"wp:term":[{"taxonomy":"product_cat","embeddable":true,"href":"https:\/\/todospodemosayudar.com\/index.php\/wp-json\/wp\/v2\/product_cat?post=3763"},{"taxonomy":"product_tag","embeddable":true,"href":"https:\/\/todospodemosayudar.com\/index.php\/wp-json\/wp\/v2\/product_tag?post=3763"}],"curies":[{"name":"wp","href":"https:\/\/api.w.org\/{rel}","templated":true}]}}