{"id":3996,"date":"2022-05-25T20:47:03","date_gmt":"2022-05-25T20:47:03","guid":{"rendered":"https:\/\/todospodemosayudar.com\/?post_type=product&#038;p=3996"},"modified":"2022-05-25T20:58:11","modified_gmt":"2022-05-25T20:58:11","slug":"abecedario-lengua-de-senas-americana-senas-individuales","status":"publish","type":"product","link":"https:\/\/todospodemosayudar.com\/index.php\/product\/abecedario-lengua-de-senas-americana-senas-individuales\/","title":{"rendered":"Abecedario lengua de se\u00f1as americana, se\u00f1as individuales"},"content":{"rendered":"<p>Abecedario lengua de se\u00f1as americana, se\u00f1as individuales<\/p>\n","protected":false},"excerpt":{"rendered":"<p>Soporte para im\u00e1genes o pictogramas<\/p>\n","protected":false},"featured_media":4013,"template":"","meta":{"om_disable_all_campaigns":false,"_monsterinsights_skip_tracking":false,"_monsterinsights_sitenote_active":false,"_monsterinsights_sitenote_note":"","_monsterinsights_sitenote_category":0},"product_cat":[15],"product_tag":[321,291,125,292,118,290,293,294],"class_list":["post-3996","product","type-product","status-publish","has-post-thumbnail","hentry","product_cat-otros-variado","product_tag-aprender-lengua-de-senas-impresion-3d","product_tag-ayudas-impresas-en-3d-para-ayudar-a-persons-con-discapaciad-en-comunicacion-autismo","product_tag-ayudas-tecnicas-impresas-en-3d","product_tag-ayudas-y-productos-impresos-en-3d-para-personas-cion-autismo-autista","product_tag-impresion-3d","product_tag-productos-de-apoyo-impresos-en-3d-para-sordos-y-comunicacion-discapacidad","product_tag-productos-impresos-en-3d-sordos-discapacidad-auditiva","product_tag-soporte-para-imagenes-o-pictogramas"],"aioseo_notices":[],"_links":{"self":[{"href":"https:\/\/todospodemosayudar.com\/index.php\/wp-json\/wp\/v2\/product\/3996","targetHints":{"allow":["GET"]}}],"collection":[{"href":"https:\/\/todospodemosayudar.com\/index.php\/wp-json\/wp\/v2\/product"}],"about":[{"href":"https:\/\/todospodemosayudar.com\/index.php\/wp-json\/wp\/v2\/types\/product"}],"version-history":[{"count":1,"href":"https:\/\/todospodemosayudar.com\/index.php\/wp-json\/wp\/v2\/product\/3996\/revisions"}],"predecessor-version":[{"id":4014,"href":"https:\/\/todospodemosayudar.com\/index.php\/wp-json\/wp\/v2\/product\/3996\/revisions\/4014"}],"wp:featuredmedia":[{"embeddable":true,"href":"https:\/\/todospodemosayudar.com\/index.php\/wp-json\/wp\/v2\/media\/4013"}],"wp:attachment":[{"href":"https:\/\/todospodemosayudar.com\/index.php\/wp-json\/wp\/v2\/media?parent=3996"}],"wp:term":[{"taxonomy":"product_cat","embeddable":true,"href":"https:\/\/todospodemosayudar.com\/index.php\/wp-json\/wp\/v2\/product_cat?post=3996"},{"taxonomy":"product_tag","embeddable":true,"href":"https:\/\/todospodemosayudar.com\/index.php\/wp-json\/wp\/v2\/product_tag?post=3996"}],"curies":[{"name":"wp","href":"https:\/\/api.w.org\/{rel}","templated":true}]}}