{"id":4203,"date":"2022-05-26T01:02:10","date_gmt":"2022-05-26T01:02:10","guid":{"rendered":"https:\/\/todospodemosayudar.com\/?post_type=product&#038;p=4203"},"modified":"2022-05-26T01:26:06","modified_gmt":"2022-05-26T01:26:06","slug":"adaptacion-para-camara-digital","status":"publish","type":"product","link":"https:\/\/todospodemosayudar.com\/index.php\/product\/adaptacion-para-camara-digital\/","title":{"rendered":"Adaptaci\u00f3n para c\u00e1mara digital"},"content":{"rendered":"<p>Adaptaci\u00f3n para c\u00e1mara digital<\/p>\n","protected":false},"excerpt":{"rendered":"<p>Adaptaci\u00f3n para c\u00e1mara digital<\/p>\n","protected":false},"featured_media":4212,"template":"","meta":{"om_disable_all_campaigns":false,"_monsterinsights_skip_tracking":false,"_monsterinsights_sitenote_active":false,"_monsterinsights_sitenote_note":"","_monsterinsights_sitenote_category":0},"product_cat":[34],"product_tag":[124,125,118,117,126],"class_list":["post-4203","product","type-product","status-publish","has-post-thumbnail","hentry","product_cat-tecnologia","product_tag-ayudas-para-personas-con-discapacidad","product_tag-ayudas-tecnicas-impresas-en-3d","product_tag-impresion-3d","product_tag-productos-de-apoyo-impresos-en-3d","product_tag-tecnologia-asistiva-3d"],"aioseo_notices":[],"_links":{"self":[{"href":"https:\/\/todospodemosayudar.com\/index.php\/wp-json\/wp\/v2\/product\/4203","targetHints":{"allow":["GET"]}}],"collection":[{"href":"https:\/\/todospodemosayudar.com\/index.php\/wp-json\/wp\/v2\/product"}],"about":[{"href":"https:\/\/todospodemosayudar.com\/index.php\/wp-json\/wp\/v2\/types\/product"}],"version-history":[{"count":1,"href":"https:\/\/todospodemosayudar.com\/index.php\/wp-json\/wp\/v2\/product\/4203\/revisions"}],"predecessor-version":[{"id":4214,"href":"https:\/\/todospodemosayudar.com\/index.php\/wp-json\/wp\/v2\/product\/4203\/revisions\/4214"}],"wp:featuredmedia":[{"embeddable":true,"href":"https:\/\/todospodemosayudar.com\/index.php\/wp-json\/wp\/v2\/media\/4212"}],"wp:attachment":[{"href":"https:\/\/todospodemosayudar.com\/index.php\/wp-json\/wp\/v2\/media?parent=4203"}],"wp:term":[{"taxonomy":"product_cat","embeddable":true,"href":"https:\/\/todospodemosayudar.com\/index.php\/wp-json\/wp\/v2\/product_cat?post=4203"},{"taxonomy":"product_tag","embeddable":true,"href":"https:\/\/todospodemosayudar.com\/index.php\/wp-json\/wp\/v2\/product_tag?post=4203"}],"curies":[{"name":"wp","href":"https:\/\/api.w.org\/{rel}","templated":true}]}}