{"id":4490,"date":"2022-05-26T15:19:34","date_gmt":"2022-05-26T15:19:34","guid":{"rendered":"https:\/\/todospodemosayudar.com\/?post_type=product&#038;p=4490"},"modified":"2022-05-26T15:28:17","modified_gmt":"2022-05-26T15:28:17","slug":"ayuda-para-amarrarse-los-zapatos","status":"publish","type":"product","link":"https:\/\/todospodemosayudar.com\/index.php\/product\/ayuda-para-amarrarse-los-zapatos\/","title":{"rendered":"Ayuda para amarrarse los zapatos"},"content":{"rendered":"<p>Ayuda para amarrarse los zapatos. Ayuda impresa en 3D, muy \u00fatil como apoyo a personas con discapacidad, adulto mayor, producto de apoyo, tecnolog\u00eda asistiva, ayuda t\u00e9cnica<\/p>\n","protected":false},"excerpt":{"rendered":"<p>Ayuda para amarrarse los zapatos. Ayuda impresa en 3D<\/p>\n","protected":false},"featured_media":4498,"template":"","meta":{"om_disable_all_campaigns":false,"_monsterinsights_skip_tracking":false,"_monsterinsights_sitenote_active":false,"_monsterinsights_sitenote_note":"","_monsterinsights_sitenote_category":0},"product_cat":[43],"product_tag":[496,493,492,494,495],"class_list":["post-4490","product","type-product","status-publish","has-post-thumbnail","hentry","product_cat-vida-diaria","product_tag-ayuda-para-amarrarse-los-zapatos-impresion-3d","product_tag-ayudas-para-la-vida-diaria-adulto-mayor","product_tag-ayudas-para-la-vida-diaria-discapacidad","product_tag-productos-de-apoyo-y-ayudas-tecnicas-para-la-vida-diaria","product_tag-tecnologia-asistiva-para-la-vida-diaria"],"aioseo_notices":[],"_links":{"self":[{"href":"https:\/\/todospodemosayudar.com\/index.php\/wp-json\/wp\/v2\/product\/4490","targetHints":{"allow":["GET"]}}],"collection":[{"href":"https:\/\/todospodemosayudar.com\/index.php\/wp-json\/wp\/v2\/product"}],"about":[{"href":"https:\/\/todospodemosayudar.com\/index.php\/wp-json\/wp\/v2\/types\/product"}],"version-history":[{"count":1,"href":"https:\/\/todospodemosayudar.com\/index.php\/wp-json\/wp\/v2\/product\/4490\/revisions"}],"predecessor-version":[{"id":4501,"href":"https:\/\/todospodemosayudar.com\/index.php\/wp-json\/wp\/v2\/product\/4490\/revisions\/4501"}],"wp:featuredmedia":[{"embeddable":true,"href":"https:\/\/todospodemosayudar.com\/index.php\/wp-json\/wp\/v2\/media\/4498"}],"wp:attachment":[{"href":"https:\/\/todospodemosayudar.com\/index.php\/wp-json\/wp\/v2\/media?parent=4490"}],"wp:term":[{"taxonomy":"product_cat","embeddable":true,"href":"https:\/\/todospodemosayudar.com\/index.php\/wp-json\/wp\/v2\/product_cat?post=4490"},{"taxonomy":"product_tag","embeddable":true,"href":"https:\/\/todospodemosayudar.com\/index.php\/wp-json\/wp\/v2\/product_tag?post=4490"}],"curies":[{"name":"wp","href":"https:\/\/api.w.org\/{rel}","templated":true}]}}