{"id":4491,"date":"2022-05-26T15:19:36","date_gmt":"2022-05-26T15:19:36","guid":{"rendered":"https:\/\/todospodemosayudar.com\/?post_type=product&#038;p=4491"},"modified":"2022-05-26T15:30:53","modified_gmt":"2022-05-26T15:30:53","slug":"soporte-para-sostener-el-reloj","status":"publish","type":"product","link":"https:\/\/todospodemosayudar.com\/index.php\/product\/soporte-para-sostener-el-reloj\/","title":{"rendered":"Soporte para sostener el reloj"},"content":{"rendered":"<p>Soporte para sostener el reloj.<\/p>\n<p>Ayuda impresa en 3D, muy \u00fatil como apoyo a personas con discapacidad, adulto mayor, producto de apoyo, tecnolog\u00eda asistiva, ayuda t\u00e9cnica<\/p>\n","protected":false},"excerpt":{"rendered":"<p>Soporte para sostener el reloj.<\/p>\n","protected":false},"featured_media":4502,"template":"","meta":{"om_disable_all_campaigns":false,"_monsterinsights_skip_tracking":false,"_monsterinsights_sitenote_active":false,"_monsterinsights_sitenote_note":"","_monsterinsights_sitenote_category":0},"product_cat":[43],"product_tag":[493,492,494,497,495],"class_list":["post-4491","product","type-product","status-publish","has-post-thumbnail","hentry","product_cat-vida-diaria","product_tag-ayudas-para-la-vida-diaria-adulto-mayor","product_tag-ayudas-para-la-vida-diaria-discapacidad","product_tag-productos-de-apoyo-y-ayudas-tecnicas-para-la-vida-diaria","product_tag-soporte-para-sostener-el-reloj-impreso-en-3d","product_tag-tecnologia-asistiva-para-la-vida-diaria"],"aioseo_notices":[],"_links":{"self":[{"href":"https:\/\/todospodemosayudar.com\/index.php\/wp-json\/wp\/v2\/product\/4491","targetHints":{"allow":["GET"]}}],"collection":[{"href":"https:\/\/todospodemosayudar.com\/index.php\/wp-json\/wp\/v2\/product"}],"about":[{"href":"https:\/\/todospodemosayudar.com\/index.php\/wp-json\/wp\/v2\/types\/product"}],"version-history":[{"count":1,"href":"https:\/\/todospodemosayudar.com\/index.php\/wp-json\/wp\/v2\/product\/4491\/revisions"}],"predecessor-version":[{"id":4504,"href":"https:\/\/todospodemosayudar.com\/index.php\/wp-json\/wp\/v2\/product\/4491\/revisions\/4504"}],"wp:featuredmedia":[{"embeddable":true,"href":"https:\/\/todospodemosayudar.com\/index.php\/wp-json\/wp\/v2\/media\/4502"}],"wp:attachment":[{"href":"https:\/\/todospodemosayudar.com\/index.php\/wp-json\/wp\/v2\/media?parent=4491"}],"wp:term":[{"taxonomy":"product_cat","embeddable":true,"href":"https:\/\/todospodemosayudar.com\/index.php\/wp-json\/wp\/v2\/product_cat?post=4491"},{"taxonomy":"product_tag","embeddable":true,"href":"https:\/\/todospodemosayudar.com\/index.php\/wp-json\/wp\/v2\/product_tag?post=4491"}],"curies":[{"name":"wp","href":"https:\/\/api.w.org\/{rel}","templated":true}]}}