{"id":4493,"date":"2022-05-26T15:19:39","date_gmt":"2022-05-26T15:19:39","guid":{"rendered":"https:\/\/todospodemosayudar.com\/?post_type=product&#038;p=4493"},"modified":"2022-05-26T15:37:31","modified_gmt":"2022-05-26T15:37:31","slug":"ayuda-para-organizar-sandalias-chanclas","status":"publish","type":"product","link":"https:\/\/todospodemosayudar.com\/index.php\/product\/ayuda-para-organizar-sandalias-chanclas\/","title":{"rendered":"Ayuda para organizar sandalias, chanclas"},"content":{"rendered":"<p>Ayuda para organizar sandalias, chanclas. Ayuda impresa en 3D, muy \u00fatil como apoyo a personas con discapacidad, adulto mayor, producto de apoyo, tecnolog\u00eda asistiva, ayuda t\u00e9cnica<\/p>\n","protected":false},"excerpt":{"rendered":"<p>Ayuda para organizar sandalias, chanclas. Ayuda impresa en 3D.<\/p>\n","protected":false},"featured_media":4509,"template":"","meta":{"om_disable_all_campaigns":false,"_monsterinsights_skip_tracking":false,"_monsterinsights_sitenote_active":false,"_monsterinsights_sitenote_note":"","_monsterinsights_sitenote_category":0},"product_cat":[43],"product_tag":[500,493,492,501,494,495,502],"class_list":["post-4493","product","type-product","status-publish","has-post-thumbnail","hentry","product_cat-vida-diaria","product_tag-ayuda-para-organizar-sandalias","product_tag-ayudas-para-la-vida-diaria-adulto-mayor","product_tag-ayudas-para-la-vida-diaria-discapacidad","product_tag-chanclas-ayuda-impresa-en-3d","product_tag-productos-de-apoyo-y-ayudas-tecnicas-para-la-vida-diaria","product_tag-tecnologia-asistiva-para-la-vida-diaria","product_tag-terapia-ocupacional-rehabilitacion-ayuda-impresa-en-3d-organizar-chanclas"],"aioseo_notices":[],"_links":{"self":[{"href":"https:\/\/todospodemosayudar.com\/index.php\/wp-json\/wp\/v2\/product\/4493","targetHints":{"allow":["GET"]}}],"collection":[{"href":"https:\/\/todospodemosayudar.com\/index.php\/wp-json\/wp\/v2\/product"}],"about":[{"href":"https:\/\/todospodemosayudar.com\/index.php\/wp-json\/wp\/v2\/types\/product"}],"version-history":[{"count":1,"href":"https:\/\/todospodemosayudar.com\/index.php\/wp-json\/wp\/v2\/product\/4493\/revisions"}],"predecessor-version":[{"id":4512,"href":"https:\/\/todospodemosayudar.com\/index.php\/wp-json\/wp\/v2\/product\/4493\/revisions\/4512"}],"wp:featuredmedia":[{"embeddable":true,"href":"https:\/\/todospodemosayudar.com\/index.php\/wp-json\/wp\/v2\/media\/4509"}],"wp:attachment":[{"href":"https:\/\/todospodemosayudar.com\/index.php\/wp-json\/wp\/v2\/media?parent=4493"}],"wp:term":[{"taxonomy":"product_cat","embeddable":true,"href":"https:\/\/todospodemosayudar.com\/index.php\/wp-json\/wp\/v2\/product_cat?post=4493"},{"taxonomy":"product_tag","embeddable":true,"href":"https:\/\/todospodemosayudar.com\/index.php\/wp-json\/wp\/v2\/product_tag?post=4493"}],"curies":[{"name":"wp","href":"https:\/\/api.w.org\/{rel}","templated":true}]}}