{"id":4552,"date":"2022-05-26T19:20:41","date_gmt":"2022-05-26T19:20:41","guid":{"rendered":"https:\/\/todospodemosayudar.com\/?post_type=product&#038;p=4552"},"modified":"2022-05-26T19:25:45","modified_gmt":"2022-05-26T19:25:45","slug":"cortaunas-con-1-mano","status":"publish","type":"product","link":"https:\/\/todospodemosayudar.com\/index.php\/product\/cortaunas-con-1-mano\/","title":{"rendered":"Cortau\u00f1as con 1 mano"},"content":{"rendered":"<p>Cortau\u00f1as con 1 mano<\/p>\n<p>Ayuda impresa en 3D, muy \u00fatil como apoyo a personas con discapacidad, adulto mayor, producto de apoyo, tecnolog\u00eda asistiva, ayuda t\u00e9cnica<\/p>\n","protected":false},"excerpt":{"rendered":"<p>Cortau\u00f1as con 1 mano<\/p>\n","protected":false},"featured_media":4558,"template":"","meta":{"om_disable_all_campaigns":false,"_monsterinsights_skip_tracking":false,"_monsterinsights_sitenote_active":false,"_monsterinsights_sitenote_note":"","_monsterinsights_sitenote_category":0},"product_cat":[95],"product_tag":[521,520,518,522,517],"class_list":["post-4552","product","type-product","status-publish","has-post-thumbnail","hentry","product_cat-higiene","product_tag-ayuda-cortaunas-con-1-mano","product_tag-ayuda-higiene-autocuidado-adulto-mayor","product_tag-ayuda-para-colocar-la-crema-de-afeitar","product_tag-cortaunas-adulto-mayor-personas-con-discapacidad","product_tag-productos-de-apoyo-higiene-aseo-personal-personas-con-discapacidad"],"aioseo_notices":[],"_links":{"self":[{"href":"https:\/\/todospodemosayudar.com\/index.php\/wp-json\/wp\/v2\/product\/4552","targetHints":{"allow":["GET"]}}],"collection":[{"href":"https:\/\/todospodemosayudar.com\/index.php\/wp-json\/wp\/v2\/product"}],"about":[{"href":"https:\/\/todospodemosayudar.com\/index.php\/wp-json\/wp\/v2\/types\/product"}],"version-history":[{"count":1,"href":"https:\/\/todospodemosayudar.com\/index.php\/wp-json\/wp\/v2\/product\/4552\/revisions"}],"predecessor-version":[{"id":4561,"href":"https:\/\/todospodemosayudar.com\/index.php\/wp-json\/wp\/v2\/product\/4552\/revisions\/4561"}],"wp:featuredmedia":[{"embeddable":true,"href":"https:\/\/todospodemosayudar.com\/index.php\/wp-json\/wp\/v2\/media\/4558"}],"wp:attachment":[{"href":"https:\/\/todospodemosayudar.com\/index.php\/wp-json\/wp\/v2\/media?parent=4552"}],"wp:term":[{"taxonomy":"product_cat","embeddable":true,"href":"https:\/\/todospodemosayudar.com\/index.php\/wp-json\/wp\/v2\/product_cat?post=4552"},{"taxonomy":"product_tag","embeddable":true,"href":"https:\/\/todospodemosayudar.com\/index.php\/wp-json\/wp\/v2\/product_tag?post=4552"}],"curies":[{"name":"wp","href":"https:\/\/api.w.org\/{rel}","templated":true}]}}