{"id":4553,"date":"2022-05-26T19:20:44","date_gmt":"2022-05-26T19:20:44","guid":{"rendered":"https:\/\/todospodemosayudar.com\/?post_type=product&#038;p=4553"},"modified":"2022-05-26T19:32:36","modified_gmt":"2022-05-26T19:32:36","slug":"ayuda-para-usar-dispensador-de-jabon-o-cremas-con-1-mano","status":"publish","type":"product","link":"https:\/\/todospodemosayudar.com\/index.php\/product\/ayuda-para-usar-dispensador-de-jabon-o-cremas-con-1-mano\/","title":{"rendered":"Ayuda para usar dispensador de jab\u00f3n o cremas con 1 mano"},"content":{"rendered":"<p>Ayuda para usar dispensador de jab\u00f3n o cremas con 1 mano<\/p>\n<p>Ayuda impresa en 3D, muy \u00fatil como apoyo a personas con discapacidad, adulto mayor, producto de apoyo, tecnolog\u00eda asistiva, ayuda t\u00e9cnica<\/p>\n","protected":false},"excerpt":{"rendered":"<p>Ayuda para usar dispensador de jab\u00f3n o cremas con 1 mano<\/p>\n","protected":false},"featured_media":4562,"template":"","meta":{"om_disable_all_campaigns":false,"_monsterinsights_skip_tracking":false,"_monsterinsights_sitenote_active":false,"_monsterinsights_sitenote_note":"","_monsterinsights_sitenote_category":0},"product_cat":[95],"product_tag":[523,520,518,524,517],"class_list":["post-4553","product","type-product","status-publish","has-post-thumbnail","hentry","product_cat-higiene","product_tag-ayuda-3d-para-lavarse-las-manos","product_tag-ayuda-higiene-autocuidado-adulto-mayor","product_tag-ayuda-para-colocar-la-crema-de-afeitar","product_tag-producto-de-apoyo-ayuda-jabon-de-manos","product_tag-productos-de-apoyo-higiene-aseo-personal-personas-con-discapacidad"],"aioseo_notices":[],"_links":{"self":[{"href":"https:\/\/todospodemosayudar.com\/index.php\/wp-json\/wp\/v2\/product\/4553","targetHints":{"allow":["GET"]}}],"collection":[{"href":"https:\/\/todospodemosayudar.com\/index.php\/wp-json\/wp\/v2\/product"}],"about":[{"href":"https:\/\/todospodemosayudar.com\/index.php\/wp-json\/wp\/v2\/types\/product"}],"version-history":[{"count":1,"href":"https:\/\/todospodemosayudar.com\/index.php\/wp-json\/wp\/v2\/product\/4553\/revisions"}],"predecessor-version":[{"id":4566,"href":"https:\/\/todospodemosayudar.com\/index.php\/wp-json\/wp\/v2\/product\/4553\/revisions\/4566"}],"wp:featuredmedia":[{"embeddable":true,"href":"https:\/\/todospodemosayudar.com\/index.php\/wp-json\/wp\/v2\/media\/4562"}],"wp:attachment":[{"href":"https:\/\/todospodemosayudar.com\/index.php\/wp-json\/wp\/v2\/media?parent=4553"}],"wp:term":[{"taxonomy":"product_cat","embeddable":true,"href":"https:\/\/todospodemosayudar.com\/index.php\/wp-json\/wp\/v2\/product_cat?post=4553"},{"taxonomy":"product_tag","embeddable":true,"href":"https:\/\/todospodemosayudar.com\/index.php\/wp-json\/wp\/v2\/product_tag?post=4553"}],"curies":[{"name":"wp","href":"https:\/\/api.w.org\/{rel}","templated":true}]}}