{"id":4554,"date":"2022-05-26T19:20:45","date_gmt":"2022-05-26T19:20:45","guid":{"rendered":"https:\/\/todospodemosayudar.com\/?post_type=product&#038;p=4554"},"modified":"2022-05-26T19:44:42","modified_gmt":"2022-05-26T19:44:42","slug":"soporte-para-colocar-el-papel-higienico-en-la-barra-de-apoyo","status":"publish","type":"product","link":"https:\/\/todospodemosayudar.com\/index.php\/product\/soporte-para-colocar-el-papel-higienico-en-la-barra-de-apoyo\/","title":{"rendered":"Soporte para colocar el papel higienico en la barra de apoyo"},"content":{"rendered":"<p>Soporte para colocar el papel higienico en la barra de apoyo<\/p>\n<p>Ayuda impresa en 3D, muy \u00fatil como apoyo a personas con discapacidad, adulto mayor, producto de apoyo, tecnolog\u00eda asistiva, ayuda t\u00e9cnica<\/p>\n","protected":false},"excerpt":{"rendered":"<p>Soporte para colocar el papel higienico en la barra de apoyo<\/p>\n","protected":false},"featured_media":4568,"template":"","meta":{"om_disable_all_campaigns":false,"_monsterinsights_skip_tracking":false,"_monsterinsights_sitenote_active":false,"_monsterinsights_sitenote_note":"","_monsterinsights_sitenote_category":0},"product_cat":[95],"product_tag":[527,526,520,518,517,525],"class_list":["post-4554","product","type-product","status-publish","has-post-thumbnail","hentry","product_cat-higiene","product_tag-accesibilidad-en-banos-publicos","product_tag-ayuda-ael-higienico-en-banos-accesibles","product_tag-ayuda-higiene-autocuidado-adulto-mayor","product_tag-ayuda-para-colocar-la-crema-de-afeitar","product_tag-productos-de-apoyo-higiene-aseo-personal-personas-con-discapacidad","product_tag-soporte-para-colocar-el-papel-higienico-en-la-barra-de-apoyo"],"aioseo_notices":[],"_links":{"self":[{"href":"https:\/\/todospodemosayudar.com\/index.php\/wp-json\/wp\/v2\/product\/4554","targetHints":{"allow":["GET"]}}],"collection":[{"href":"https:\/\/todospodemosayudar.com\/index.php\/wp-json\/wp\/v2\/product"}],"about":[{"href":"https:\/\/todospodemosayudar.com\/index.php\/wp-json\/wp\/v2\/types\/product"}],"version-history":[{"count":1,"href":"https:\/\/todospodemosayudar.com\/index.php\/wp-json\/wp\/v2\/product\/4554\/revisions"}],"predecessor-version":[{"id":4571,"href":"https:\/\/todospodemosayudar.com\/index.php\/wp-json\/wp\/v2\/product\/4554\/revisions\/4571"}],"wp:featuredmedia":[{"embeddable":true,"href":"https:\/\/todospodemosayudar.com\/index.php\/wp-json\/wp\/v2\/media\/4568"}],"wp:attachment":[{"href":"https:\/\/todospodemosayudar.com\/index.php\/wp-json\/wp\/v2\/media?parent=4554"}],"wp:term":[{"taxonomy":"product_cat","embeddable":true,"href":"https:\/\/todospodemosayudar.com\/index.php\/wp-json\/wp\/v2\/product_cat?post=4554"},{"taxonomy":"product_tag","embeddable":true,"href":"https:\/\/todospodemosayudar.com\/index.php\/wp-json\/wp\/v2\/product_tag?post=4554"}],"curies":[{"name":"wp","href":"https:\/\/api.w.org\/{rel}","templated":true}]}}