{"id":4557,"date":"2022-05-26T19:20:48","date_gmt":"2022-05-26T19:20:48","guid":{"rendered":"https:\/\/todospodemosayudar.com\/?post_type=product&#038;p=4557"},"modified":"2022-05-26T20:07:24","modified_gmt":"2022-05-26T20:07:24","slug":"cepillo-de-unas","status":"publish","type":"product","link":"https:\/\/todospodemosayudar.com\/index.php\/product\/cepillo-de-unas\/","title":{"rendered":"Cepillo de u\u00f1as"},"content":{"rendered":"<p>Cepillo de u\u00f1as<\/p>\n<p>Ayuda impresa en 3D, muy \u00fatil como apoyo a personas con discapacidad, adulto mayor, producto de apoyo, tecnolog\u00eda asistiva, ayuda t\u00e9cnica<\/p>\n","protected":false},"excerpt":{"rendered":"<p>Cepillo de u\u00f1as<\/p>\n","protected":false},"featured_media":4580,"template":"","meta":{"om_disable_all_campaigns":false,"_monsterinsights_skip_tracking":false,"_monsterinsights_sitenote_active":false,"_monsterinsights_sitenote_note":"","_monsterinsights_sitenote_category":0},"product_cat":[95],"product_tag":[520,519,532,517],"class_list":["post-4557","product","type-product","status-publish","has-post-thumbnail","hentry","product_cat-higiene","product_tag-ayuda-higiene-autocuidado-adulto-mayor","product_tag-ayuda-impresion-3d-para-afeitarse","product_tag-cepillo-de-unas-impreso-en-3d","product_tag-productos-de-apoyo-higiene-aseo-personal-personas-con-discapacidad"],"aioseo_notices":[],"_links":{"self":[{"href":"https:\/\/todospodemosayudar.com\/index.php\/wp-json\/wp\/v2\/product\/4557","targetHints":{"allow":["GET"]}}],"collection":[{"href":"https:\/\/todospodemosayudar.com\/index.php\/wp-json\/wp\/v2\/product"}],"about":[{"href":"https:\/\/todospodemosayudar.com\/index.php\/wp-json\/wp\/v2\/types\/product"}],"version-history":[{"count":1,"href":"https:\/\/todospodemosayudar.com\/index.php\/wp-json\/wp\/v2\/product\/4557\/revisions"}],"predecessor-version":[{"id":4583,"href":"https:\/\/todospodemosayudar.com\/index.php\/wp-json\/wp\/v2\/product\/4557\/revisions\/4583"}],"wp:featuredmedia":[{"embeddable":true,"href":"https:\/\/todospodemosayudar.com\/index.php\/wp-json\/wp\/v2\/media\/4580"}],"wp:attachment":[{"href":"https:\/\/todospodemosayudar.com\/index.php\/wp-json\/wp\/v2\/media?parent=4557"}],"wp:term":[{"taxonomy":"product_cat","embeddable":true,"href":"https:\/\/todospodemosayudar.com\/index.php\/wp-json\/wp\/v2\/product_cat?post=4557"},{"taxonomy":"product_tag","embeddable":true,"href":"https:\/\/todospodemosayudar.com\/index.php\/wp-json\/wp\/v2\/product_tag?post=4557"}],"curies":[{"name":"wp","href":"https:\/\/api.w.org\/{rel}","templated":true}]}}