{"id":4587,"date":"2022-05-26T20:14:08","date_gmt":"2022-05-26T20:14:08","guid":{"rendered":"https:\/\/todospodemosayudar.com\/?post_type=product&#038;p=4587"},"modified":"2022-05-26T20:15:51","modified_gmt":"2022-05-26T20:15:51","slug":"ayuda-para-extraer-la-crema-dental","status":"publish","type":"product","link":"https:\/\/todospodemosayudar.com\/index.php\/product\/ayuda-para-extraer-la-crema-dental\/","title":{"rendered":"Ayuda para extraer la crema dental"},"content":{"rendered":"<p>Ayuda para extraer la crema dental<\/p>\n<p>Ayuda impresa en 3D, muy \u00fatil como apoyo a personas con discapacidad, adulto mayor, producto de apoyo, tecnolog\u00eda asistiva, ayuda t\u00e9cnica<\/p>\n","protected":false},"excerpt":{"rendered":"<p>Ayuda para extraer la crema dental<\/p>\n","protected":false},"featured_media":4585,"template":"","meta":{"om_disable_all_campaigns":false,"_monsterinsights_skip_tracking":false,"_monsterinsights_sitenote_active":false,"_monsterinsights_sitenote_note":"","_monsterinsights_sitenote_category":0},"product_cat":[95],"product_tag":[520,518,533,534,517],"class_list":["post-4587","product","type-product","status-publish","has-post-thumbnail","hentry","product_cat-higiene","product_tag-ayuda-higiene-autocuidado-adulto-mayor","product_tag-ayuda-para-colocar-la-crema-de-afeitar","product_tag-ayuda-para-extraer-la-crema-dental","product_tag-productos-de-apoyo-ayudas-para-cepillarse-los-dientes","product_tag-productos-de-apoyo-higiene-aseo-personal-personas-con-discapacidad"],"aioseo_notices":[],"_links":{"self":[{"href":"https:\/\/todospodemosayudar.com\/index.php\/wp-json\/wp\/v2\/product\/4587","targetHints":{"allow":["GET"]}}],"collection":[{"href":"https:\/\/todospodemosayudar.com\/index.php\/wp-json\/wp\/v2\/product"}],"about":[{"href":"https:\/\/todospodemosayudar.com\/index.php\/wp-json\/wp\/v2\/types\/product"}],"version-history":[{"count":1,"href":"https:\/\/todospodemosayudar.com\/index.php\/wp-json\/wp\/v2\/product\/4587\/revisions"}],"predecessor-version":[{"id":4588,"href":"https:\/\/todospodemosayudar.com\/index.php\/wp-json\/wp\/v2\/product\/4587\/revisions\/4588"}],"wp:featuredmedia":[{"embeddable":true,"href":"https:\/\/todospodemosayudar.com\/index.php\/wp-json\/wp\/v2\/media\/4585"}],"wp:attachment":[{"href":"https:\/\/todospodemosayudar.com\/index.php\/wp-json\/wp\/v2\/media?parent=4587"}],"wp:term":[{"taxonomy":"product_cat","embeddable":true,"href":"https:\/\/todospodemosayudar.com\/index.php\/wp-json\/wp\/v2\/product_cat?post=4587"},{"taxonomy":"product_tag","embeddable":true,"href":"https:\/\/todospodemosayudar.com\/index.php\/wp-json\/wp\/v2\/product_tag?post=4587"}],"curies":[{"name":"wp","href":"https:\/\/api.w.org\/{rel}","templated":true}]}}