{"id":4589,"date":"2022-05-26T20:17:35","date_gmt":"2022-05-26T20:17:35","guid":{"rendered":"https:\/\/todospodemosayudar.com\/?post_type=product&#038;p=4589"},"modified":"2022-05-26T20:21:14","modified_gmt":"2022-05-26T20:21:14","slug":"soporte-para-aplicar-la-crema-dental-al-cepillo","status":"publish","type":"product","link":"https:\/\/todospodemosayudar.com\/index.php\/product\/soporte-para-aplicar-la-crema-dental-al-cepillo\/","title":{"rendered":"Soporte para aplicar la crema dental al cepillo"},"content":{"rendered":"<p>Soporte para aplicar la crema dental al cepillo<\/p>\n<p>Ayuda impresa en 3D, muy \u00fatil como apoyo a personas con discapacidad, adulto mayor, producto de apoyo, tecnolog\u00eda asistiva, ayuda t\u00e9cnica<\/p>\n","protected":false},"excerpt":{"rendered":"<p>Soporte para aplicar la crema dental al cepillo<\/p>\n","protected":false},"featured_media":4601,"template":"","meta":{"om_disable_all_campaigns":false,"_monsterinsights_skip_tracking":false,"_monsterinsights_sitenote_active":false,"_monsterinsights_sitenote_note":"","_monsterinsights_sitenote_category":0},"product_cat":[95],"product_tag":[520,518,536,517,535],"class_list":["post-4589","product","type-product","status-publish","has-post-thumbnail","hentry","product_cat-higiene","product_tag-ayuda-higiene-autocuidado-adulto-mayor","product_tag-ayuda-para-colocar-la-crema-de-afeitar","product_tag-ayuda-para-sostener-el-cepillo-discapacidad-adulto-mayor","product_tag-productos-de-apoyo-higiene-aseo-personal-personas-con-discapacidad","product_tag-soporte-para-aplicar-la-crema-dental-al-cepillo"],"aioseo_notices":[],"_links":{"self":[{"href":"https:\/\/todospodemosayudar.com\/index.php\/wp-json\/wp\/v2\/product\/4589","targetHints":{"allow":["GET"]}}],"collection":[{"href":"https:\/\/todospodemosayudar.com\/index.php\/wp-json\/wp\/v2\/product"}],"about":[{"href":"https:\/\/todospodemosayudar.com\/index.php\/wp-json\/wp\/v2\/types\/product"}],"version-history":[{"count":1,"href":"https:\/\/todospodemosayudar.com\/index.php\/wp-json\/wp\/v2\/product\/4589\/revisions"}],"predecessor-version":[{"id":4604,"href":"https:\/\/todospodemosayudar.com\/index.php\/wp-json\/wp\/v2\/product\/4589\/revisions\/4604"}],"wp:featuredmedia":[{"embeddable":true,"href":"https:\/\/todospodemosayudar.com\/index.php\/wp-json\/wp\/v2\/media\/4601"}],"wp:attachment":[{"href":"https:\/\/todospodemosayudar.com\/index.php\/wp-json\/wp\/v2\/media?parent=4589"}],"wp:term":[{"taxonomy":"product_cat","embeddable":true,"href":"https:\/\/todospodemosayudar.com\/index.php\/wp-json\/wp\/v2\/product_cat?post=4589"},{"taxonomy":"product_tag","embeddable":true,"href":"https:\/\/todospodemosayudar.com\/index.php\/wp-json\/wp\/v2\/product_tag?post=4589"}],"curies":[{"name":"wp","href":"https:\/\/api.w.org\/{rel}","templated":true}]}}