{"id":4591,"date":"2022-05-26T20:17:39","date_gmt":"2022-05-26T20:17:39","guid":{"rendered":"https:\/\/todospodemosayudar.com\/?post_type=product&#038;p=4591"},"modified":"2022-05-26T20:48:32","modified_gmt":"2022-05-26T20:48:32","slug":"simbolo-internacional-de-accesibilidad","status":"publish","type":"product","link":"https:\/\/todospodemosayudar.com\/index.php\/product\/simbolo-internacional-de-accesibilidad\/","title":{"rendered":"Simbolo Internacional de accesibilidad"},"content":{"rendered":"<p>Simbolo Internacional de accesibilidad<\/p>\n<p>Ayuda impresa en 3D, muy \u00fatil como apoyo a personas con discapacidad, adulto mayor, producto de apoyo, tecnolog\u00eda asistiva, ayuda t\u00e9cnica<\/p>\n","protected":false},"excerpt":{"rendered":"<p>Simbolo Internacional de accesibilidad<\/p>\n","protected":false},"featured_media":4609,"template":"","meta":{"om_disable_all_campaigns":false,"_monsterinsights_skip_tracking":false,"_monsterinsights_sitenote_active":false,"_monsterinsights_sitenote_note":"","_monsterinsights_sitenote_category":0},"product_cat":[95],"product_tag":[520,519,517,540,539],"class_list":["post-4591","product","type-product","status-publish","has-post-thumbnail","hentry","product_cat-higiene","product_tag-ayuda-higiene-autocuidado-adulto-mayor","product_tag-ayuda-impresion-3d-para-afeitarse","product_tag-productos-de-apoyo-higiene-aseo-personal-personas-con-discapacidad","product_tag-senaletica-bano-accesible-para-imprimir-en-3d","product_tag-simbolo-internacional-de-accesibilidad"],"aioseo_notices":[],"_links":{"self":[{"href":"https:\/\/todospodemosayudar.com\/index.php\/wp-json\/wp\/v2\/product\/4591","targetHints":{"allow":["GET"]}}],"collection":[{"href":"https:\/\/todospodemosayudar.com\/index.php\/wp-json\/wp\/v2\/product"}],"about":[{"href":"https:\/\/todospodemosayudar.com\/index.php\/wp-json\/wp\/v2\/types\/product"}],"version-history":[{"count":1,"href":"https:\/\/todospodemosayudar.com\/index.php\/wp-json\/wp\/v2\/product\/4591\/revisions"}],"predecessor-version":[{"id":4612,"href":"https:\/\/todospodemosayudar.com\/index.php\/wp-json\/wp\/v2\/product\/4591\/revisions\/4612"}],"wp:featuredmedia":[{"embeddable":true,"href":"https:\/\/todospodemosayudar.com\/index.php\/wp-json\/wp\/v2\/media\/4609"}],"wp:attachment":[{"href":"https:\/\/todospodemosayudar.com\/index.php\/wp-json\/wp\/v2\/media?parent=4591"}],"wp:term":[{"taxonomy":"product_cat","embeddable":true,"href":"https:\/\/todospodemosayudar.com\/index.php\/wp-json\/wp\/v2\/product_cat?post=4591"},{"taxonomy":"product_tag","embeddable":true,"href":"https:\/\/todospodemosayudar.com\/index.php\/wp-json\/wp\/v2\/product_tag?post=4591"}],"curies":[{"name":"wp","href":"https:\/\/api.w.org\/{rel}","templated":true}]}}