{"id":4598,"date":"2022-05-26T20:17:49","date_gmt":"2022-05-26T20:17:49","guid":{"rendered":"https:\/\/todospodemosayudar.com\/?post_type=product&#038;p=4598"},"modified":"2022-05-26T21:31:10","modified_gmt":"2022-05-26T21:31:10","slug":"soporte-para-sostener-cepillos-de-dientes-en-la-pared","status":"publish","type":"product","link":"https:\/\/todospodemosayudar.com\/index.php\/product\/soporte-para-sostener-cepillos-de-dientes-en-la-pared\/","title":{"rendered":"Soporte para sostener cepillos de dientes en la pared"},"content":{"rendered":"<p>Soporte para sostener cepillos de dientes en la pared<\/p>\n<p>Ayuda impresa en 3D, muy \u00fatil como apoyo a personas con discapacidad, adulto mayor, producto de apoyo, tecnolog\u00eda asistiva, ayuda t\u00e9cnica<\/p>\n","protected":false},"excerpt":{"rendered":"<p>Soporte para sostener cepillos de dientes en la pared<\/p>\n","protected":false},"featured_media":4635,"template":"","meta":{"om_disable_all_campaigns":false,"_monsterinsights_skip_tracking":false,"_monsterinsights_sitenote_active":false,"_monsterinsights_sitenote_note":"","_monsterinsights_sitenote_category":0},"product_cat":[95],"product_tag":[520,519,550,517,549],"class_list":["post-4598","product","type-product","status-publish","has-post-thumbnail","hentry","product_cat-higiene","product_tag-ayuda-higiene-autocuidado-adulto-mayor","product_tag-ayuda-impresion-3d-para-afeitarse","product_tag-organziador-de-cepillos-dentales-impreso-en-3d","product_tag-productos-de-apoyo-higiene-aseo-personal-personas-con-discapacidad","product_tag-soporte-para-sostener-cepillos-de-dientes-en-la-pared"],"aioseo_notices":[],"_links":{"self":[{"href":"https:\/\/todospodemosayudar.com\/index.php\/wp-json\/wp\/v2\/product\/4598","targetHints":{"allow":["GET"]}}],"collection":[{"href":"https:\/\/todospodemosayudar.com\/index.php\/wp-json\/wp\/v2\/product"}],"about":[{"href":"https:\/\/todospodemosayudar.com\/index.php\/wp-json\/wp\/v2\/types\/product"}],"version-history":[{"count":1,"href":"https:\/\/todospodemosayudar.com\/index.php\/wp-json\/wp\/v2\/product\/4598\/revisions"}],"predecessor-version":[{"id":4638,"href":"https:\/\/todospodemosayudar.com\/index.php\/wp-json\/wp\/v2\/product\/4598\/revisions\/4638"}],"wp:featuredmedia":[{"embeddable":true,"href":"https:\/\/todospodemosayudar.com\/index.php\/wp-json\/wp\/v2\/media\/4635"}],"wp:attachment":[{"href":"https:\/\/todospodemosayudar.com\/index.php\/wp-json\/wp\/v2\/media?parent=4598"}],"wp:term":[{"taxonomy":"product_cat","embeddable":true,"href":"https:\/\/todospodemosayudar.com\/index.php\/wp-json\/wp\/v2\/product_cat?post=4598"},{"taxonomy":"product_tag","embeddable":true,"href":"https:\/\/todospodemosayudar.com\/index.php\/wp-json\/wp\/v2\/product_tag?post=4598"}],"curies":[{"name":"wp","href":"https:\/\/api.w.org\/{rel}","templated":true}]}}