{"id":4647,"date":"2022-05-26T21:53:41","date_gmt":"2022-05-26T21:53:41","guid":{"rendered":"https:\/\/todospodemosayudar.com\/?post_type=product&#038;p=4647"},"modified":"2022-05-26T21:56:25","modified_gmt":"2022-05-26T21:56:25","slug":"soporte-para-vaso-multiusos","status":"publish","type":"product","link":"https:\/\/todospodemosayudar.com\/index.php\/product\/soporte-para-vaso-multiusos\/","title":{"rendered":"Soporte para vaso multiusos"},"content":{"rendered":"<p>Soporte para vaso multiusos<\/p>\n<p>Ayuda impresa en 3D, muy \u00fatil como apoyo a personas con discapacidad, adulto mayor, producto de apoyo, tecnolog\u00eda asistiva, ayuda t\u00e9cnica<\/p>\n","protected":false},"excerpt":{"rendered":"<p>Soporte para vaso multiusos<\/p>\n","protected":false},"featured_media":4648,"template":"","meta":{"om_disable_all_campaigns":false,"_monsterinsights_skip_tracking":false,"_monsterinsights_sitenote_active":false,"_monsterinsights_sitenote_note":"","_monsterinsights_sitenote_category":0},"product_cat":[95],"product_tag":[520,519,517,555],"class_list":["post-4647","product","type-product","status-publish","has-post-thumbnail","hentry","product_cat-higiene","product_tag-ayuda-higiene-autocuidado-adulto-mayor","product_tag-ayuda-impresion-3d-para-afeitarse","product_tag-productos-de-apoyo-higiene-aseo-personal-personas-con-discapacidad","product_tag-soporte-para-vaso-multiusos"],"aioseo_notices":[],"_links":{"self":[{"href":"https:\/\/todospodemosayudar.com\/index.php\/wp-json\/wp\/v2\/product\/4647","targetHints":{"allow":["GET"]}}],"collection":[{"href":"https:\/\/todospodemosayudar.com\/index.php\/wp-json\/wp\/v2\/product"}],"about":[{"href":"https:\/\/todospodemosayudar.com\/index.php\/wp-json\/wp\/v2\/types\/product"}],"version-history":[{"count":1,"href":"https:\/\/todospodemosayudar.com\/index.php\/wp-json\/wp\/v2\/product\/4647\/revisions"}],"predecessor-version":[{"id":4651,"href":"https:\/\/todospodemosayudar.com\/index.php\/wp-json\/wp\/v2\/product\/4647\/revisions\/4651"}],"wp:featuredmedia":[{"embeddable":true,"href":"https:\/\/todospodemosayudar.com\/index.php\/wp-json\/wp\/v2\/media\/4648"}],"wp:attachment":[{"href":"https:\/\/todospodemosayudar.com\/index.php\/wp-json\/wp\/v2\/media?parent=4647"}],"wp:term":[{"taxonomy":"product_cat","embeddable":true,"href":"https:\/\/todospodemosayudar.com\/index.php\/wp-json\/wp\/v2\/product_cat?post=4647"},{"taxonomy":"product_tag","embeddable":true,"href":"https:\/\/todospodemosayudar.com\/index.php\/wp-json\/wp\/v2\/product_tag?post=4647"}],"curies":[{"name":"wp","href":"https:\/\/api.w.org\/{rel}","templated":true}]}}